{"id":5229,"date":"2017-08-12T22:19:49","date_gmt":"2017-08-12T20:19:49","guid":{"rendered":"https:\/\/kompatscher.eu\/?page_id=5229\/"},"modified":"2018-09-03T12:47:05","modified_gmt":"2018-09-03T10:47:05","slug":"moling-markus","status":"publish","type":"page","link":"https:\/\/kompatscher.eu\/en\/galerie-hofburg-artists\/moling-markus\/","title":{"rendered":"Moling Markus"},"content":{"rendered":"<div class=\"wpb-content-wrapper\"><p>[vc_row][vc_column width=&#8221;2\/3&#8243;][vc_column_text]<\/p>\n<h1 class=\"pos-title\">Markus Moling<\/h1>\n<ul>\n<li>1973 &#8211; born in Wengen (Italy, South Tyrol)<\/li>\n<\/ul>\n<ul>\n<li>1992 &#8211; diploma school of arts in St. Ulrich (Italy, South Tyrol)<\/li>\n<\/ul>\n<ul>\n<li>1995 &#8211; member of\u00a0 &#8220;ladinischen K\u00fcnstlerbundes EPL&#8221;<\/li>\n<\/ul>\n<ul>\n<li>1996 &#8211; Diploma at the\u201cAccademia di Belle Arti di Brera\u201c in Milano<\/li>\n<\/ul>\n<ul>\n<li>2004 &#8211; admission in the &#8220;S\u00fcdtiroler K\u00fcnstlerbund&#8221;<\/li>\n<\/ul>\n<ul>\n<li>From 1996 artistically active: the principal theme are the living spaces of the human, the conscious and unconscious memories and\u00a0 emotions.\u00a0 The focus is especially in painting and drawing and also installation, plastic, sculpture are part of them<\/li>\n<\/ul>\n<ul>\n<li>Artistically practice at M\u00fchlen in Taufers (Italy, South Tyrol)<\/li>\n<\/ul>\n<p>&nbsp;<\/p>\n<p><strong>Solo exhibitions<br \/>\n<\/strong><\/p>\n<p>2015 &#8211; &#8220;Hin-ein-sehen&#8221;, Galerie Prisma, Bozen<br \/>\n2014 &#8211; &#8220;Od\u00fcdes&#8221; Kreis f\u00fcr Kunst und Kultur, St. Ulrich (Gr\u00f6den)<br \/>\n2011 &#8211; Galerie der Bezirksgem. \u00dcberetsch-Unterland, Neumarkt<br \/>\n2009\/10 &#8211; Galerie-Hotel Teresa, St. Vigil in Enneberg<br \/>\n2009 &#8211; Buchladen am Rienztor, Bruneck<br \/>\n2008 &#8211; &#8220;Quies&#8221; &#8211; Ragenhaus, Bruneck<br \/>\n2007 &#8211; &#8220;Horizont 2&#8221; &#8211; Lad. Kultuinstitut Micur\u00e1 de R\u00fc, St. Martin i. Th.<br \/>\n2006 &#8211; &#8220;Horizont&#8221; &#8211; Englsburg, Neustift<br \/>\n2004 &#8211; &#8220;Zentrum&#8221; &#8211; Art-Studio De Bettin, Bruneck<br \/>\n2002 &#8211; &#8220;Natur und Mystik&#8221; &#8211; Schlandersburg, Schlanders<\/p>\n<p><strong>Teilnahme<\/strong><\/p>\n<p>2017 &#8211; &#8220;\u00dcber alle Berge&#8221;, Galerie Markt Bruckm\u00fchl, bei Rosenheim<br \/>\n2016 &#8211; Fritzi &#8211; Gerber &#8211; Preis &#8211; Finalistenausstellung, Galerie Nothburga, Innsbruck<br \/>\n2016 &#8211; 70 Jahre, Jubil\u00e4umsausstellung des SKB &#8211; &#8220;Garten&#8221; , Hofburg Brixen<br \/>\n2015 &#8211; 50x50x50 &#8211; ART S\u00dcDTIROL 2015, Festung Franzensfeste (BZ)<br \/>\n2015 &#8211; &#8220;Confins&#8221;, Ausstellung des K\u00fcnstlervereins EPL 2015, St. Martin in Thurn<br \/>\n2015 &#8211; &#8220;H.Machhammer &amp; M.Moling&#8221; &#8211; Galerie Nothburga, Innsbruck<br \/>\n2014 &#8211; &#8220;One Night IV&#8221; &#8211; Hotel Session, Pragser Wildsee<br \/>\n2013-14 &#8211; &#8220;Twilight&#8221;, LDX Artodrome Gallery, Malta<br \/>\n2013 &#8211; &#8220;50x50x50-ArtS\u00fcdtirol 2013&#8221;, Festung in Franzensfeste<br \/>\n2012 &#8211; &#8220;Natur und Leben&#8221;, LDX Artodrom Galerie, Berlin<br \/>\n2012 &#8211; &#8220;15&#215;15&#8221;, Gal. d. Bezirksgem. \u00dcberetsch-Unterland, Neumarkt<br \/>\n2012 &#8211; &#8220;coletiva&#8221;, Galerie Prisma, Bozen<br \/>\n2012 &#8211; ArtBeijing 2012 (LDX Artodrom Galerie Berlin), Peking \/ China<br \/>\n2011 &#8211; &#8220;Tavella_Vittur_Moling&#8221;, Ragenhaus, Bruneck<br \/>\n2011 &#8211; &#8220;50x50x50-ArtS\u00fcdtirol&#8221;, Festung in Franzensfeste<br \/>\n2009 &#8211; &#8220;50 agn EPL&#8221;, Lad. Kulturinstitut, St. Martin in Thurn<br \/>\n2008 &#8211; Lad. Kulturinstitut (EPL), St. Martin in Thurn<br \/>\n2008 &#8211; Mitwirkung am Stand des S. K. bei der KunStart 08, Bozen<br \/>\n2005 &#8211; &#8220;Trasse&#8221;, Steinhaus<br \/>\n2004 &#8211; &#8220;Media&#8221;, Kulturhaus, Stern<br \/>\n2002 &#8211; &#8220;Ert y Nat\u00fcra&#8221;, Val d\u2018 Ana, St. Ulrich<br \/>\n2002 &#8211; &#8220;Grafik&#8221;, Lad. Kulturinstitut, St. Martin in Thurn<br \/>\n2002 &#8211; Ladinisches Museum, St. Martin in Thurn<br \/>\n2000 &#8211; alte Schule, St. Vigil<br \/>\n1998 &#8211; &#8220;Nebenzimmer&#8221;, Stadtmuseum, Klausen<br \/>\n1997 &#8211; Lad. Kultuinstitut Micur\u00e1 de R\u00fc, St Martin in Thurn<br \/>\n1996 &#8211; &#8220;Geheimnis, Mythos, Mensch, Abenteuer&#8221;, Kreis f\u00fcr Kunst und Kultur, St Ulrich<br \/>\n1995 &#8211; &#8220;Quali differenze&#8221;, Galerie Arcadia Nuova, Mailand<br \/>\n1993 &#8211; B. Tavella, M. Moling, Raiffeisensaal, Stern[\/vc_column_text][\/vc_column][vc_column width=&#8221;1\/3&#8243;][vc_gallery el_id=&#8221;gallery-661609&#8243; type=&#8221;carousel&#8221; medias=&#8221;5177,5180,5183,5186&#8243; carousel_lg=&#8221;1&#8243; carousel_md=&#8221;1&#8243; carousel_sm=&#8221;1&#8243; gutter_size=&#8221;3&#8243; carousel_interval=&#8221;3000&#8243; carousel_navspeed=&#8221;400&#8243; carousel_loop=&#8221;yes&#8221; carousel_nav=&#8221;yes&#8221; carousel_dots=&#8221;yes&#8221; stage_padding=&#8221;0&#8243; single_overlay_opacity=&#8221;50&#8243; single_padding=&#8221;2&#8243;][\/vc_column][\/vc_row][vc_row][vc_column width=&#8221;1\/1&#8243;][vc_custom_heading]Artworks:[\/vc_custom_heading][uncode_index el_id=&#8221;index-780209&#8243; loop=&#8221;size:10|order_by:date|post_type:portfolio|by_id:7564,5214,5204,5192,7585&#8243; infinite=&#8221;yes&#8221; gutter_size=&#8221;3&#8243; portfolio_items=&#8221;media|featured|onpost|original,title,text|excerpt&#8221; screen_lg=&#8221;1000&#8243; screen_md=&#8221;600&#8243; screen_sm=&#8221;480&#8243; images_size=&#8221;one-one&#8221; single_overlay_opacity=&#8221;50&#8243; single_padding=&#8221;2&#8243;][\/vc_column][\/vc_row]<\/p>\n<\/div>","protected":false},"excerpt":{"rendered":"<p>[vc_row][vc_column width=&#8221;2\/3&#8243;][vc_column_text] Markus Moling 1973 &#8211; born in Wengen (Italy, South Tyrol) 1992 &#8211; diploma school of arts in St. [&hellip;]<\/p>\n","protected":false},"author":2,"featured_media":0,"parent":3433,"menu_order":0,"comment_status":"closed","ping_status":"closed","template":"","meta":{"footnotes":""},"class_list":["post-5229","page","type-page","status-publish","hentry","page_category-artists"],"yoast_head":"<!-- This site is optimized with the Yoast SEO plugin v27.3 - https:\/\/yoast.com\/product\/yoast-seo-wordpress\/ -->\n<title>Moling Markus | Kompatscher Brixen | Galerie Hofburg - Kunst S\u00fcdtirol<\/title>\n<meta name=\"robots\" content=\"index, follow, max-snippet:-1, max-image-preview:large, max-video-preview:-1\" \/>\n<link rel=\"canonical\" href=\"https:\/\/kompatscher.eu\/en\/galerie-hofburg-artists\/moling-markus\/\" \/>\n<meta property=\"og:locale\" content=\"en_US\" \/>\n<meta property=\"og:type\" content=\"article\" \/>\n<meta property=\"og:title\" content=\"Moling Markus | Kompatscher Brixen | Galerie Hofburg - Kunst S\u00fcdtirol\" \/>\n<meta property=\"og:description\" content=\"[vc_row][vc_column width=&#8221;2\/3&#8243;][vc_column_text] Markus Moling 1973 &#8211; born in Wengen (Italy, South Tyrol) 1992 &#8211; diploma school of arts in St. [&hellip;]\" \/>\n<meta property=\"og:url\" content=\"https:\/\/kompatscher.eu\/en\/galerie-hofburg-artists\/moling-markus\/\" \/>\n<meta property=\"og:site_name\" content=\"Kompatscher Brixen | Galerie Hofburg - Kunst S\u00fcdtirol\" \/>\n<meta property=\"article:publisher\" content=\"https:\/\/www.facebook.com\/kompatscher.eu\/\" \/>\n<meta property=\"article:modified_time\" content=\"2018-09-03T10:47:05+00:00\" \/>\n<meta name=\"twitter:card\" content=\"summary_large_image\" \/>\n<meta name=\"twitter:label1\" content=\"Est. reading time\" \/>\n\t<meta name=\"twitter:data1\" content=\"3 minutes\" \/>\n<script type=\"application\/ld+json\" class=\"yoast-schema-graph\">{\"@context\":\"https:\\\/\\\/schema.org\",\"@graph\":[{\"@type\":\"WebPage\",\"@id\":\"https:\\\/\\\/kompatscher.eu\\\/en\\\/galerie-hofburg-artists\\\/moling-markus\\\/\",\"url\":\"https:\\\/\\\/kompatscher.eu\\\/en\\\/galerie-hofburg-artists\\\/moling-markus\\\/\",\"name\":\"Moling Markus | Kompatscher Brixen | Galerie Hofburg - Kunst S\u00fcdtirol\",\"isPartOf\":{\"@id\":\"https:\\\/\\\/kompatscher.eu\\\/en\\\/#website\"},\"datePublished\":\"2017-08-12T20:19:49+00:00\",\"dateModified\":\"2018-09-03T10:47:05+00:00\",\"breadcrumb\":{\"@id\":\"https:\\\/\\\/kompatscher.eu\\\/en\\\/galerie-hofburg-artists\\\/moling-markus\\\/#breadcrumb\"},\"inLanguage\":\"en-US\",\"potentialAction\":[{\"@type\":\"ReadAction\",\"target\":[\"https:\\\/\\\/kompatscher.eu\\\/en\\\/galerie-hofburg-artists\\\/moling-markus\\\/\"]}]},{\"@type\":\"BreadcrumbList\",\"@id\":\"https:\\\/\\\/kompatscher.eu\\\/en\\\/galerie-hofburg-artists\\\/moling-markus\\\/#breadcrumb\",\"itemListElement\":[{\"@type\":\"ListItem\",\"position\":1,\"name\":\"Startseite\",\"item\":\"https:\\\/\\\/kompatscher.eu\\\/en\\\/\"},{\"@type\":\"ListItem\",\"position\":2,\"name\":\"Galerie Hofburg Artists\",\"item\":\"https:\\\/\\\/kompatscher.eu\\\/en\\\/galerie-hofburg-artists\\\/\"},{\"@type\":\"ListItem\",\"position\":3,\"name\":\"Moling Markus\"}]},{\"@type\":\"WebSite\",\"@id\":\"https:\\\/\\\/kompatscher.eu\\\/en\\\/#website\",\"url\":\"https:\\\/\\\/kompatscher.eu\\\/en\\\/\",\"name\":\"Kompatscher Brixen | Galerie Hofburg - Kunst S\u00fcdtirol\",\"description\":\"Art Gallery Brixen - S\u00fcdtirol\",\"publisher\":{\"@id\":\"https:\\\/\\\/kompatscher.eu\\\/en\\\/#organization\"},\"potentialAction\":[{\"@type\":\"SearchAction\",\"target\":{\"@type\":\"EntryPoint\",\"urlTemplate\":\"https:\\\/\\\/kompatscher.eu\\\/en\\\/?s={search_term_string}\"},\"query-input\":{\"@type\":\"PropertyValueSpecification\",\"valueRequired\":true,\"valueName\":\"search_term_string\"}}],\"inLanguage\":\"en-US\"},{\"@type\":\"Organization\",\"@id\":\"https:\\\/\\\/kompatscher.eu\\\/en\\\/#organization\",\"name\":\"Galerie Hofburg\",\"url\":\"https:\\\/\\\/kompatscher.eu\\\/en\\\/\",\"logo\":{\"@type\":\"ImageObject\",\"inLanguage\":\"en-US\",\"@id\":\"https:\\\/\\\/kompatscher.eu\\\/en\\\/#\\\/schema\\\/logo\\\/image\\\/\",\"url\":\"https:\\\/\\\/kompatscher.eu\\\/wp-content\\\/uploads\\\/2017\\\/04\\\/logo.png\",\"contentUrl\":\"https:\\\/\\\/kompatscher.eu\\\/wp-content\\\/uploads\\\/2017\\\/04\\\/logo.png\",\"width\":254,\"height\":107,\"caption\":\"Galerie Hofburg\"},\"image\":{\"@id\":\"https:\\\/\\\/kompatscher.eu\\\/en\\\/#\\\/schema\\\/logo\\\/image\\\/\"},\"sameAs\":[\"https:\\\/\\\/www.facebook.com\\\/kompatscher.eu\\\/\"]}]}<\/script>\n<!-- \/ Yoast SEO plugin. -->","yoast_head_json":{"title":"Moling Markus | Kompatscher Brixen | Galerie Hofburg - Kunst S\u00fcdtirol","robots":{"index":"index","follow":"follow","max-snippet":"max-snippet:-1","max-image-preview":"max-image-preview:large","max-video-preview":"max-video-preview:-1"},"canonical":"https:\/\/kompatscher.eu\/en\/galerie-hofburg-artists\/moling-markus\/","og_locale":"en_US","og_type":"article","og_title":"Moling Markus | Kompatscher Brixen | Galerie Hofburg - Kunst S\u00fcdtirol","og_description":"[vc_row][vc_column width=&#8221;2\/3&#8243;][vc_column_text] Markus Moling 1973 &#8211; born in Wengen (Italy, South Tyrol) 1992 &#8211; diploma school of arts in St. [&hellip;]","og_url":"https:\/\/kompatscher.eu\/en\/galerie-hofburg-artists\/moling-markus\/","og_site_name":"Kompatscher Brixen | Galerie Hofburg - Kunst S\u00fcdtirol","article_publisher":"https:\/\/www.facebook.com\/kompatscher.eu\/","article_modified_time":"2018-09-03T10:47:05+00:00","twitter_card":"summary_large_image","twitter_misc":{"Est. reading time":"3 minutes"},"schema":{"@context":"https:\/\/schema.org","@graph":[{"@type":"WebPage","@id":"https:\/\/kompatscher.eu\/en\/galerie-hofburg-artists\/moling-markus\/","url":"https:\/\/kompatscher.eu\/en\/galerie-hofburg-artists\/moling-markus\/","name":"Moling Markus | Kompatscher Brixen | Galerie Hofburg - Kunst S\u00fcdtirol","isPartOf":{"@id":"https:\/\/kompatscher.eu\/en\/#website"},"datePublished":"2017-08-12T20:19:49+00:00","dateModified":"2018-09-03T10:47:05+00:00","breadcrumb":{"@id":"https:\/\/kompatscher.eu\/en\/galerie-hofburg-artists\/moling-markus\/#breadcrumb"},"inLanguage":"en-US","potentialAction":[{"@type":"ReadAction","target":["https:\/\/kompatscher.eu\/en\/galerie-hofburg-artists\/moling-markus\/"]}]},{"@type":"BreadcrumbList","@id":"https:\/\/kompatscher.eu\/en\/galerie-hofburg-artists\/moling-markus\/#breadcrumb","itemListElement":[{"@type":"ListItem","position":1,"name":"Startseite","item":"https:\/\/kompatscher.eu\/en\/"},{"@type":"ListItem","position":2,"name":"Galerie Hofburg Artists","item":"https:\/\/kompatscher.eu\/en\/galerie-hofburg-artists\/"},{"@type":"ListItem","position":3,"name":"Moling Markus"}]},{"@type":"WebSite","@id":"https:\/\/kompatscher.eu\/en\/#website","url":"https:\/\/kompatscher.eu\/en\/","name":"Kompatscher Brixen | Galerie Hofburg - Kunst S\u00fcdtirol","description":"Art Gallery Brixen - S\u00fcdtirol","publisher":{"@id":"https:\/\/kompatscher.eu\/en\/#organization"},"potentialAction":[{"@type":"SearchAction","target":{"@type":"EntryPoint","urlTemplate":"https:\/\/kompatscher.eu\/en\/?s={search_term_string}"},"query-input":{"@type":"PropertyValueSpecification","valueRequired":true,"valueName":"search_term_string"}}],"inLanguage":"en-US"},{"@type":"Organization","@id":"https:\/\/kompatscher.eu\/en\/#organization","name":"Galerie Hofburg","url":"https:\/\/kompatscher.eu\/en\/","logo":{"@type":"ImageObject","inLanguage":"en-US","@id":"https:\/\/kompatscher.eu\/en\/#\/schema\/logo\/image\/","url":"https:\/\/kompatscher.eu\/wp-content\/uploads\/2017\/04\/logo.png","contentUrl":"https:\/\/kompatscher.eu\/wp-content\/uploads\/2017\/04\/logo.png","width":254,"height":107,"caption":"Galerie Hofburg"},"image":{"@id":"https:\/\/kompatscher.eu\/en\/#\/schema\/logo\/image\/"},"sameAs":["https:\/\/www.facebook.com\/kompatscher.eu\/"]}]}},"_links":{"self":[{"href":"https:\/\/kompatscher.eu\/en\/wp-json\/wp\/v2\/pages\/5229","targetHints":{"allow":["GET"]}}],"collection":[{"href":"https:\/\/kompatscher.eu\/en\/wp-json\/wp\/v2\/pages"}],"about":[{"href":"https:\/\/kompatscher.eu\/en\/wp-json\/wp\/v2\/types\/page"}],"author":[{"embeddable":true,"href":"https:\/\/kompatscher.eu\/en\/wp-json\/wp\/v2\/users\/2"}],"replies":[{"embeddable":true,"href":"https:\/\/kompatscher.eu\/en\/wp-json\/wp\/v2\/comments?post=5229"}],"version-history":[{"count":4,"href":"https:\/\/kompatscher.eu\/en\/wp-json\/wp\/v2\/pages\/5229\/revisions"}],"predecessor-version":[{"id":7591,"href":"https:\/\/kompatscher.eu\/en\/wp-json\/wp\/v2\/pages\/5229\/revisions\/7591"}],"up":[{"embeddable":true,"href":"https:\/\/kompatscher.eu\/en\/wp-json\/wp\/v2\/pages\/3433"}],"wp:attachment":[{"href":"https:\/\/kompatscher.eu\/en\/wp-json\/wp\/v2\/media?parent=5229"}],"curies":[{"name":"wp","href":"https:\/\/api.w.org\/{rel}","templated":true}]}}